{"id":6687,"date":"2022-11-03T18:04:23","date_gmt":"2022-11-03T18:04:23","guid":{"rendered":"https:\/\/ho.wine\/contacts\/"},"modified":"2026-02-11T09:45:59","modified_gmt":"2026-02-11T09:45:59","slug":"contacts","status":"publish","type":"page","link":"https:\/\/ho.wine\/en\/contacts\/","title":{"rendered":"Contacts"},"content":{"rendered":"\t\t<div data-elementor-type=\"wp-page\" data-elementor-id=\"6687\" class=\"elementor elementor-6687 elementor-95\" data-elementor-post-type=\"page\">\n\t\t\t\t\t\t<section class=\"elementor-section elementor-top-section elementor-element elementor-element-287ff09 elementor-section-full_width elementor-section-items-stretch elementor-reverse-tablet elementor-reverse-mobile elementor-section-height-min-height elementor-section-height-default\" data-id=\"287ff09\" data-element_type=\"section\" data-e-type=\"section\" data-settings=\"{&quot;background_background&quot;:&quot;classic&quot;}\">\n\t\t\t\t\t\t<div class=\"elementor-container elementor-column-gap-default\">\n\t\t\t\t\t<div class=\"elementor-column elementor-col-50 elementor-top-column elementor-element elementor-element-195c5ba\" data-id=\"195c5ba\" data-element_type=\"column\" data-e-type=\"column\">\n\t\t\t<div class=\"elementor-widget-wrap elementor-element-populated\">\n\t\t\t\t\t\t<div class=\"elementor-element elementor-element-d93c77a elementor-widget elementor-widget-heading\" data-id=\"d93c77a\" data-element_type=\"widget\" data-e-type=\"widget\" data-widget_type=\"heading.default\">\n\t\t\t\t<div class=\"elementor-widget-container\">\n\t\t\t\t\t<h2 class=\"elementor-heading-title elementor-size-default\">Get in touch.<\/h2>\t\t\t\t<\/div>\n\t\t\t\t<\/div>\n\t\t\t\t<div class=\"elementor-element elementor-element-519f894 elementor-widget elementor-widget-text-editor\" data-id=\"519f894\" data-element_type=\"widget\" data-e-type=\"widget\" data-widget_type=\"text-editor.default\">\n\t\t\t\t<div class=\"elementor-widget-container\">\n\t\t\t\t\t\t\t\t\t<p>Address<\/p>\t\t\t\t\t\t\t\t<\/div>\n\t\t\t\t<\/div>\n\t\t\t\t<div class=\"elementor-element elementor-element-638cda1 elementor-hidden-mobile elementor-widget elementor-widget-text-editor\" data-id=\"638cda1\" data-element_type=\"widget\" data-e-type=\"widget\" data-widget_type=\"text-editor.default\">\n\t\t\t\t<div class=\"elementor-widget-container\">\n\t\t\t\t\t\t\t\t\t<a href=\"https:\/\/www.google.com\/maps\/place\/Adega+H.O.\/@41.2373416,-7.7615992,15z\/data=!4m5!3m4!1s0x0:0x802cc486e6765be3!8m2!3d41.2373416!4d-7.7615992\" target=\"_blank\" rel=\"noopener\">Caminho de S\u00e3o Martinho, Cumieira 5030-077 <br>Santa Marta de Penagui\u00e3o &#8211; Portugal <\/a>\t\t\t\t\t\t\t\t<\/div>\n\t\t\t\t<\/div>\n\t\t\t\t<div class=\"elementor-element elementor-element-e71d3c3 elementor-hidden-desktop elementor-hidden-tablet elementor-widget elementor-widget-text-editor\" data-id=\"e71d3c3\" data-element_type=\"widget\" data-e-type=\"widget\" data-widget_type=\"text-editor.default\">\n\t\t\t\t<div class=\"elementor-widget-container\">\n\t\t\t\t\t\t\t\t\t<p><a href=\"https:\/\/www.google.com\/maps\/place\/Adega+H.O.\/@41.2373416,-7.7615992,15z\/data=!4m5!3m4!1s0x0:0x802cc486e6765be3!8m2!3d41.2373416!4d-7.7615992\" target=\"_blank\" rel=\"noopener\">Caminho de S\u00e3o Martinho, Cumieira<br>5030-077 Santa Marta de Penagui\u00e3o<br>Portugal <\/a><\/p>\t\t\t\t\t\t\t\t<\/div>\n\t\t\t\t<\/div>\n\t\t\t\t<div class=\"elementor-element elementor-element-c1f692f elementor-widget elementor-widget-text-editor\" data-id=\"c1f692f\" data-element_type=\"widget\" data-e-type=\"widget\" data-widget_type=\"text-editor.default\">\n\t\t\t\t<div class=\"elementor-widget-container\">\n\t\t\t\t\t\t\t\t\t<p>Email<\/p>\t\t\t\t\t\t\t\t<\/div>\n\t\t\t\t<\/div>\n\t\t\t\t<div class=\"elementor-element elementor-element-fdd6ee8 elementor-widget elementor-widget-text-editor\" data-id=\"fdd6ee8\" data-element_type=\"widget\" data-e-type=\"widget\" data-widget_type=\"text-editor.default\">\n\t\t\t\t<div class=\"elementor-widget-container\">\n\t\t\t\t\t\t\t\t\t<a href=\"mailto:menin@menin.pt\">menin@menin.pt<\/a>\t\t\t\t\t\t\t\t<\/div>\n\t\t\t\t<\/div>\n\t\t\t\t<div class=\"elementor-element elementor-element-14ad3d3 elementor-widget elementor-widget-text-editor\" data-id=\"14ad3d3\" data-element_type=\"widget\" data-e-type=\"widget\" data-widget_type=\"text-editor.default\">\n\t\t\t\t<div class=\"elementor-widget-container\">\n\t\t\t\t\t\t\t\t\t<p>Phone<\/p>\t\t\t\t\t\t\t\t<\/div>\n\t\t\t\t<\/div>\n\t\t\t\t<div class=\"elementor-element elementor-element-e8403a4 elementor-widget elementor-widget-text-editor\" data-id=\"e8403a4\" data-element_type=\"widget\" data-e-type=\"widget\" data-widget_type=\"text-editor.default\">\n\t\t\t\t<div class=\"elementor-widget-container\">\n\t\t\t\t\t\t\t\t\t<p><a href=\"tel:+351259931054\">GERAL &#8211; (+351) 259 931 054<\/a><br><span style=\"font-size: 12px;\">(Call to the national fixed network)<\/span><\/p>\t\t\t\t\t\t\t\t<\/div>\n\t\t\t\t<\/div>\n\t\t\t\t<div class=\"elementor-element elementor-element-f1099d1 elementor-widget elementor-widget-text-editor\" data-id=\"f1099d1\" data-element_type=\"widget\" data-e-type=\"widget\" data-widget_type=\"text-editor.default\">\n\t\t\t\t<div class=\"elementor-widget-container\">\n\t\t\t\t\t\t\t\t\t<a href=\"tel:+351964939770\">WINE TOURISM &#8211; (+351) 964 939 770<\/a>\n<span style=\"font-size: 12px;\">(Call to the national mobile network)<\/span>\t\t\t\t\t\t\t\t<\/div>\n\t\t\t\t<\/div>\n\t\t\t\t<div class=\"elementor-element elementor-element-0f53883 elementor-widget elementor-widget-text-editor\" data-id=\"0f53883\" data-element_type=\"widget\" data-e-type=\"widget\" data-widget_type=\"text-editor.default\">\n\t\t\t\t<div class=\"elementor-widget-container\">\n\t\t\t\t\t\t\t\t\t<p>Follow Us<\/p>\t\t\t\t\t\t\t\t<\/div>\n\t\t\t\t<\/div>\n\t\t\t\t<div class=\"elementor-element elementor-element-0d18093 elementor-widget elementor-widget-text-editor\" data-id=\"0d18093\" data-element_type=\"widget\" data-e-type=\"widget\" data-widget_type=\"text-editor.default\">\n\t\t\t\t<div class=\"elementor-widget-container\">\n\t\t\t\t\t\t\t\t\t<a href=\"https:\/\/www.facebook.com\/HO.dourowines\/\" target=\"_blank\" rel=\"noopener\">Facebook<\/a> <a style=\"margin-left:15px;\" href=\"https:\/\/www.instagram.com\/ho.dourowines\/\" target=\"_blank\" rel=\"noopener\">Instagram<\/a>\t\t\t\t\t\t\t\t<\/div>\n\t\t\t\t<\/div>\n\t\t\t\t<div class=\"elementor-element elementor-element-fc36575 elementor-widget elementor-widget-button\" data-id=\"fc36575\" data-element_type=\"widget\" data-e-type=\"widget\" data-widget_type=\"button.default\">\n\t\t\t\t<div class=\"elementor-widget-container\">\n\t\t\t\t\t\t\t\t\t<div class=\"elementor-button-wrapper\">\n\t\t\t\t\t<a class=\"elementor-button elementor-button-link elementor-size-sm\" href=\"#elementor-action%3Aaction%3Dpopup%3Aopen%26settings%3DeyJpZCI6Njc2MCwidG9nZ2xlIjpmYWxzZX0%3D\">\n\t\t\t\t\t\t<span class=\"elementor-button-content-wrapper\">\n\t\t\t\t\t\t\t\t\t<span class=\"elementor-button-text\">Send Message<\/span>\n\t\t\t\t\t<\/span>\n\t\t\t\t\t<\/a>\n\t\t\t\t<\/div>\n\t\t\t\t\t\t\t\t<\/div>\n\t\t\t\t<\/div>\n\t\t\t\t\t<\/div>\n\t\t<\/div>\n\t\t\t\t<div class=\"elementor-column elementor-col-50 elementor-top-column elementor-element elementor-element-156528d\" data-id=\"156528d\" data-element_type=\"column\" data-e-type=\"column\" data-settings=\"{&quot;background_background&quot;:&quot;classic&quot;}\">\n\t\t\t<div class=\"elementor-widget-wrap elementor-element-populated\">\n\t\t\t\t\t\t<div class=\"elementor-element elementor-element-369868a elementor-hidden-desktop elementor-widget elementor-widget-image\" data-id=\"369868a\" data-element_type=\"widget\" data-e-type=\"widget\" data-widget_type=\"image.default\">\n\t\t\t\t<div class=\"elementor-widget-container\">\n\t\t\t\t\t\t\t\t\t\t\t\t\t\t\t<img fetchpriority=\"high\" decoding=\"async\" width=\"1707\" height=\"2560\" src=\"https:\/\/ho.wine\/wp-content\/uploads\/2022\/12\/DSC07698-scaled.jpg\" class=\"attachment-full size-full wp-image-6619\" alt=\"\" srcset=\"https:\/\/ho.wine\/wp-content\/uploads\/2022\/12\/DSC07698-scaled.jpg 1707w, https:\/\/ho.wine\/wp-content\/uploads\/2022\/12\/DSC07698-scaled-600x900.jpg 600w, https:\/\/ho.wine\/wp-content\/uploads\/2022\/12\/DSC07698-200x300.jpg 200w, https:\/\/ho.wine\/wp-content\/uploads\/2022\/12\/DSC07698-683x1024.jpg 683w, https:\/\/ho.wine\/wp-content\/uploads\/2022\/12\/DSC07698-768x1152.jpg 768w, https:\/\/ho.wine\/wp-content\/uploads\/2022\/12\/DSC07698-1024x1536.jpg 1024w, https:\/\/ho.wine\/wp-content\/uploads\/2022\/12\/DSC07698-1365x2048.jpg 1365w\" sizes=\"(max-width: 1707px) 100vw, 1707px\" \/>\t\t\t\t\t\t\t\t\t\t\t\t\t\t\t<\/div>\n\t\t\t\t<\/div>\n\t\t\t\t\t<\/div>\n\t\t<\/div>\n\t\t\t\t\t<\/div>\n\t\t<\/section>\n\t\t\t\t<\/div>\n\t\t","protected":false},"excerpt":{"rendered":"<p>Get in touch. Address Caminho de S\u00e3o Martinho, Cumieira 5030-077 Santa Marta de Penagui\u00e3o &#8211; Portugal Caminho de S\u00e3o Martinho, Cumieira5030-077 Santa Marta de Penagui\u00e3oPortugal Email menin@menin.pt Phone GERAL &#8211; (+351) 259 931 054(Call to the national fixed network) WINE TOURISM &#8211; (+351) 964 939 770 (Call to the national mobile network) Follow Us Facebook [&hellip;]<\/p>\n","protected":false},"author":1,"featured_media":6619,"parent":0,"menu_order":0,"comment_status":"closed","ping_status":"closed","template":"","meta":{"footnotes":""},"class_list":["post-6687","page","type-page","status-publish","has-post-thumbnail","hentry"],"_links":{"self":[{"href":"https:\/\/ho.wine\/en\/wp-json\/wp\/v2\/pages\/6687","targetHints":{"allow":["GET"]}}],"collection":[{"href":"https:\/\/ho.wine\/en\/wp-json\/wp\/v2\/pages"}],"about":[{"href":"https:\/\/ho.wine\/en\/wp-json\/wp\/v2\/types\/page"}],"author":[{"embeddable":true,"href":"https:\/\/ho.wine\/en\/wp-json\/wp\/v2\/users\/1"}],"replies":[{"embeddable":true,"href":"https:\/\/ho.wine\/en\/wp-json\/wp\/v2\/comments?post=6687"}],"version-history":[{"count":0,"href":"https:\/\/ho.wine\/en\/wp-json\/wp\/v2\/pages\/6687\/revisions"}],"wp:featuredmedia":[{"embeddable":true,"href":"https:\/\/ho.wine\/en\/wp-json\/wp\/v2\/media\/6619"}],"wp:attachment":[{"href":"https:\/\/ho.wine\/en\/wp-json\/wp\/v2\/media?parent=6687"}],"curies":[{"name":"wp","href":"https:\/\/api.w.org\/{rel}","templated":true}]}}