{"id":6703,"date":"2022-11-18T16:02:22","date_gmt":"2022-11-18T16:02:22","guid":{"rendered":"https:\/\/ho.wine\/produto\/sousao\/"},"modified":"2025-09-17T12:51:04","modified_gmt":"2025-09-17T11:51:04","slug":"h-o-sousao","status":"publish","type":"product","link":"https:\/\/ho.wine\/en\/produto\/h-o-sousao\/","title":{"rendered":"Sous\u00e3o"},"content":{"rendered":"<p>H.O SOUS\u00c3O is born from the selection of plots of the Sous\u00e3o variety. With east sun exposure and shale soils, the different plots are located at altitudes that vary from 240 to 300m, which requires strict monitoring of the maturation of the different terroirs.<\/p>\n","protected":false},"excerpt":{"rendered":"<p>RED WINE | DOC DOURO | PORTUGAL<\/p>\n","protected":false},"featured_media":7077,"comment_status":"closed","ping_status":"closed","template":"","meta":[],"product_brand":[],"product_cat":[68,73,69],"product_tag":[84],"class_list":{"0":"post-6703","1":"product","2":"type-product","3":"status-publish","4":"has-post-thumbnail","6":"product_cat-h-o-en","7":"product_cat-monocasta-en","8":"product_cat-wine","9":"product_tag-red-en","11":"first","12":"instock","13":"shipping-taxable","14":"purchasable","15":"product-type-variable"},"_links":{"self":[{"href":"https:\/\/ho.wine\/en\/wp-json\/wp\/v2\/product\/6703","targetHints":{"allow":["GET"]}}],"collection":[{"href":"https:\/\/ho.wine\/en\/wp-json\/wp\/v2\/product"}],"about":[{"href":"https:\/\/ho.wine\/en\/wp-json\/wp\/v2\/types\/product"}],"replies":[{"embeddable":true,"href":"https:\/\/ho.wine\/en\/wp-json\/wp\/v2\/comments?post=6703"}],"wp:featuredmedia":[{"embeddable":true,"href":"https:\/\/ho.wine\/en\/wp-json\/wp\/v2\/media\/7077"}],"wp:attachment":[{"href":"https:\/\/ho.wine\/en\/wp-json\/wp\/v2\/media?parent=6703"}],"wp:term":[{"taxonomy":"product_brand","embeddable":true,"href":"https:\/\/ho.wine\/en\/wp-json\/wp\/v2\/product_brand?post=6703"},{"taxonomy":"product_cat","embeddable":true,"href":"https:\/\/ho.wine\/en\/wp-json\/wp\/v2\/product_cat?post=6703"},{"taxonomy":"product_tag","embeddable":true,"href":"https:\/\/ho.wine\/en\/wp-json\/wp\/v2\/product_tag?post=6703"}],"curies":[{"name":"wp","href":"https:\/\/api.w.org\/{rel}","templated":true}]}}