{"id":6709,"date":"2022-11-18T16:02:22","date_gmt":"2022-11-18T16:02:22","guid":{"rendered":"https:\/\/ho.wine\/produto\/extra-virgin-olive-oil\/"},"modified":"2025-09-17T12:50:45","modified_gmt":"2025-09-17T11:50:45","slug":"h-o-azeite-virgem-extra","status":"publish","type":"product","link":"https:\/\/ho.wine\/en\/produto\/h-o-azeite-virgem-extra\/","title":{"rendered":"Extra Virgin Olive Oil"},"content":{"rendered":"<p>Olive oil obtained from the olive trees on our farms located in Cumieira, Baixo Corgo sub-region, Douro.<br \/>\nThe harvest is carried out manually, in order to preserve the structure of the tree, with the olives being taken directly to the mill in 25kg food-grade plastic boxes.Azeite obtido das oliveiras das nossas Quintas localizadas na Cumieira, sub-regi\u00e3o do Baixo Corgo, Douro.<br \/>\nA colheita \u00e9 realizada manualmente, de modo a preservar a estrutura da \u00e1rvore, seguindo a azeitona diretamente para o lagar em caixas de pl\u00e1stico alimentar com capacidade de 25kg. No olives from the ground are used.<br \/>\nExtraction is carried out mechanically at low temperatures, followed by continuous extraction in 2 phases.<br \/>\nThe decantation process lasts between 2 and 3 months.<\/p>\n","protected":false},"excerpt":{"rendered":"<p>OLIVE OIL | PORTUGAL<\/p>\n","protected":false},"featured_media":6551,"comment_status":"closed","ping_status":"closed","template":"","meta":[],"product_brand":[],"product_cat":[68,82],"product_tag":[],"class_list":{"0":"post-6709","1":"product","2":"type-product","3":"status-publish","4":"has-post-thumbnail","6":"product_cat-h-o-en","7":"product_cat-olive-oil","9":"first","10":"instock","11":"shipping-taxable","12":"purchasable","13":"product-type-simple"},"_links":{"self":[{"href":"https:\/\/ho.wine\/en\/wp-json\/wp\/v2\/product\/6709","targetHints":{"allow":["GET"]}}],"collection":[{"href":"https:\/\/ho.wine\/en\/wp-json\/wp\/v2\/product"}],"about":[{"href":"https:\/\/ho.wine\/en\/wp-json\/wp\/v2\/types\/product"}],"replies":[{"embeddable":true,"href":"https:\/\/ho.wine\/en\/wp-json\/wp\/v2\/comments?post=6709"}],"wp:featuredmedia":[{"embeddable":true,"href":"https:\/\/ho.wine\/en\/wp-json\/wp\/v2\/media\/6551"}],"wp:attachment":[{"href":"https:\/\/ho.wine\/en\/wp-json\/wp\/v2\/media?parent=6709"}],"wp:term":[{"taxonomy":"product_brand","embeddable":true,"href":"https:\/\/ho.wine\/en\/wp-json\/wp\/v2\/product_brand?post=6709"},{"taxonomy":"product_cat","embeddable":true,"href":"https:\/\/ho.wine\/en\/wp-json\/wp\/v2\/product_cat?post=6709"},{"taxonomy":"product_tag","embeddable":true,"href":"https:\/\/ho.wine\/en\/wp-json\/wp\/v2\/product_tag?post=6709"}],"curies":[{"name":"wp","href":"https:\/\/api.w.org\/{rel}","templated":true}]}}