{"id":7101,"date":"2023-10-14T21:39:50","date_gmt":"2023-10-14T20:39:50","guid":{"rendered":"https:\/\/ho.wine\/?post_type=product&#038;p=7101"},"modified":"2025-09-17T12:49:01","modified_gmt":"2025-09-17T11:49:01","slug":"matrona-rose-2022","status":"publish","type":"product","link":"https:\/\/ho.wine\/en\/produto\/matrona-rose-2022\/","title":{"rendered":"Matrona Ros\u00e9"},"content":{"rendered":"<p>H.O Matrona Ros\u00e9 2022 presents itself as a very classy ros\u00e9. Very complete and harmonious nose among the nuances of fresh red fruit, white flowers, talcum powder, very well integrated wood spices reminiscent of white pepper. In the mouth, it is very engaging with a great sensation of unctuousness combined with strong acidity, showing a slight sensation of salinity and a lot of persistence in the tasting.<\/p>\n","protected":false},"excerpt":{"rendered":"<p>ROS\u00c9 WINE | DOC DOURO | PORTUGAL<\/p>\n","protected":false},"featured_media":7103,"comment_status":"closed","ping_status":"closed","template":"","meta":[],"product_brand":[],"product_cat":[77,68,69],"product_tag":[85],"class_list":{"0":"post-7101","1":"product","2":"type-product","3":"status-publish","4":"has-post-thumbnail","6":"product_cat-colheita-en","7":"product_cat-h-o-en","8":"product_cat-wine","9":"product_tag-rose-en","11":"first","12":"instock","13":"shipping-taxable","14":"purchasable","15":"product-type-simple"},"_links":{"self":[{"href":"https:\/\/ho.wine\/en\/wp-json\/wp\/v2\/product\/7101","targetHints":{"allow":["GET"]}}],"collection":[{"href":"https:\/\/ho.wine\/en\/wp-json\/wp\/v2\/product"}],"about":[{"href":"https:\/\/ho.wine\/en\/wp-json\/wp\/v2\/types\/product"}],"replies":[{"embeddable":true,"href":"https:\/\/ho.wine\/en\/wp-json\/wp\/v2\/comments?post=7101"}],"wp:featuredmedia":[{"embeddable":true,"href":"https:\/\/ho.wine\/en\/wp-json\/wp\/v2\/media\/7103"}],"wp:attachment":[{"href":"https:\/\/ho.wine\/en\/wp-json\/wp\/v2\/media?parent=7101"}],"wp:term":[{"taxonomy":"product_brand","embeddable":true,"href":"https:\/\/ho.wine\/en\/wp-json\/wp\/v2\/product_brand?post=7101"},{"taxonomy":"product_cat","embeddable":true,"href":"https:\/\/ho.wine\/en\/wp-json\/wp\/v2\/product_cat?post=7101"},{"taxonomy":"product_tag","embeddable":true,"href":"https:\/\/ho.wine\/en\/wp-json\/wp\/v2\/product_tag?post=7101"}],"curies":[{"name":"wp","href":"https:\/\/api.w.org\/{rel}","templated":true}]}}